{"id":12,"date":"2025-06-25T15:37:43","date_gmt":"2025-06-25T13:37:43","guid":{"rendered":"https:\/\/kidsanim.ch\/?page_id=12"},"modified":"2026-02-13T21:33:55","modified_gmt":"2026-02-13T21:33:55","slug":"camps-de-vacances","status":"publish","type":"page","link":"https:\/\/kidsanim.ch\/en\/camps-de-vacances\/","title":{"rendered":"Camps de vacances"},"content":{"rendered":"<div class=\"wp-block-group alignfull is-style-section-3 has-global-padding is-content-justification-center is-layout-constrained wp-block-group-is-layout-constrained\" style=\"margin-top:0;margin-bottom:0;padding-top:var(--wp--preset--spacing--40);padding-bottom:var(--wp--preset--spacing--40)\">\n<div class=\"wp-block-columns alignwide are-vertically-aligned-center is-layout-flex wp-container-core-columns-is-layout-08c01c1c wp-block-columns-is-layout-flex\">\n<div class=\"wp-block-column is-vertically-aligned-center has-global-padding is-content-justification-center is-layout-constrained wp-container-core-column-is-layout-22d611e9 wp-block-column-is-layout-constrained\" style=\"padding-top:0;padding-right:0;padding-bottom:0;padding-left:0\">\n<div data-aos= \"fade-down\" data-aos-duration=\"400\" data-aos-delay=\"0\" data-aos-easing=\"ease\" data-aos-once=\"true\" class=\"wp-block-uagb-info-box uagb-block-4fe5bae4 uagb-infobox__content-wrap  uagb-infobox-icon-above-title uagb-infobox-image-valign-top\"><div class=\"uagb-ifb-content\"><div class=\"uagb-ifb-icon-wrap\"><svg xmlns=\"https:\/\/www.w3.org\/2000\/svg\" viewbox=\"0 0 512 512\"><path d=\"M480 179.6C498.6 188.4 512 212.1 512 240C512 267.9 498.6 291.6 480 300.4V448C480 460.9 472.2 472.6 460.2 477.6C448.3 482.5 434.5 479.8 425.4 470.6L381.7 426.1C333.7 378.1 268.6 352 200.7 352H192V480C192 497.7 177.7 512 160 512H96C78.33 512 64 497.7 64 480V352C28.65 352 0 323.3 0 288V192C0 156.7 28.65 128 64 128H200.7C268.6 128 333.7 101 381.7 53.02L425.4 9.373C434.5 .2215 448.3-2.516 460.2 2.437C472.2 7.39 480 19.06 480 32V179.6zM200.7 192H192V288H200.7C280.5 288 357.2 317.8 416 371.3V108.7C357.2 162.2 280.5 192 200.7 192V192z\"><\/path><\/svg><\/div><div class=\"uagb-ifb-title-wrap\"><h2 class=\"uagb-ifb-title\">Our vacation camps ALSO welcome children who do not attend Harmonie School!<\/h2><\/div><\/div><\/div>\n\n\n\n<figure class=\"wp-block-embed is-type-video is-provider-youtube wp-block-embed-youtube wp-embed-aspect-16-9 wp-has-aspect-ratio\"><div class=\"wp-block-embed__wrapper\">\n<iframe loading=\"lazy\" title=\"Kid&#039;s Anim\" width=\"500\" height=\"281\" src=\"https:\/\/www.youtube.com\/embed\/NjQ1_pN7bJU?feature=oembed\" frameborder=\"0\" allow=\"accelerometer; autoplay; clipboard-write; encrypted-media; gyroscope; picture-in-picture; web-share\" referrerpolicy=\"strict-origin-when-cross-origin\" allowfullscreen><\/iframe>\n<\/div><\/figure>\n<\/div>\n\n\n\n<div class=\"wp-block-column is-vertically-aligned-center is-layout-flow wp-block-column-is-layout-flow\">\n<div class=\"wp-block-uagb-image uagb-block-4f3aad3f wp-block-uagb-image--layout-default wp-block-uagb-image--effect-zoomin wp-block-uagb-image--align-none\"><figure class=\"wp-block-uagb-image__figure\"><img decoding=\"async\" srcset=\"https:\/\/preprod2.kidsanim.ch\/wp-content\/uploads\/2026\/01\/kidsanim-110.jpg ,https:\/\/preprod2.kidsanim.ch\/wp-content\/uploads\/2026\/01\/kidsanim-110.jpg 780w, https:\/\/preprod2.kidsanim.ch\/wp-content\/uploads\/2026\/01\/kidsanim-110.jpg 360w\" sizes=\"auto, (max-width: 480px) 150px\" src=\"https:\/\/preprod2.kidsanim.ch\/wp-content\/uploads\/2026\/01\/kidsanim-110.jpg\" alt=\"\" class=\"uag-image-334\" width=\"2362\" height=\"1575\" title=\"kidsanim-110\" loading=\"lazy\" role=\"img\"\/><\/figure><\/div>\n<\/div>\n<\/div>\n<\/div>\n\n\n\n<div class=\"wp-block-group alignfull is-style-section-3 has-global-padding is-content-justification-center is-layout-constrained wp-block-group-is-layout-constrained\" style=\"margin-top:0;margin-bottom:0;padding-top:var(--wp--preset--spacing--40);padding-bottom:var(--wp--preset--spacing--40)\">\n<div class=\"wp-block-columns alignwide are-vertically-aligned-center is-layout-flex wp-container-core-columns-is-layout-08c01c1c wp-block-columns-is-layout-flex\">\n<div class=\"wp-block-column is-vertically-aligned-center is-layout-flow wp-block-column-is-layout-flow\">\n<figure class=\"wp-block-image size-full has-custom-border\"><img decoding=\"async\" src=\"https:\/\/preprod2.kidsanim.ch\/wp-content\/uploads\/2026\/01\/7.jpg\" alt=\"\" class=\"wp-image-333\" style=\"border-top-left-radius:10px;border-top-right-radius:10px;border-bottom-left-radius:10px;border-bottom-right-radius:10px;box-shadow:6px 6px 9px rgba(0, 0, 0, 0.2)\"\/><\/figure>\n<\/div>\n\n\n\n<div class=\"wp-block-column is-vertically-aligned-center is-layout-flow wp-container-core-column-is-layout-19eabfb7 wp-block-column-is-layout-flow\">\n<div data-aos= \"fade-right\" data-aos-duration=\"400\" data-aos-delay=\"0\" data-aos-easing=\"ease\" data-aos-once=\"true\" class=\"wp-block-uagb-container uagb-block-15c0ab9a alignfull uagb-is-root-container\"><div class=\"uagb-container-inner-blocks-wrap\">\n<h2 class=\"wp-block-heading has-text-align-center has-vivid-cyan-blue-color has-text-color has-link-color has-montserrat-font-family wp-elements-670e3ffd54e9d309ecb78c35d3bba55d\" style=\"font-style:normal;font-weight:400;text-transform:uppercase\">HOLIDAY CAMPS<\/h2>\n\n\n\n<p class=\"has-text-align-center has-small-font-size\">At Kid's Anim, camps are a bit like stepping into a lab full of crazy ideas. We test recipes that explode a little, we create unlikely works of art, we move around, we laugh... and sometimes we embark on secret mini-missions to complete together!<\/p>\n\n\n\n<p class=\"has-text-align-center has-small-font-size\">The counselors are there to supervise everything, make sure everyone stays safe... and laugh with them at every silly thing they come up with.<\/p>\n\n\n\n<div class=\"wp-block-uagb-buttons uagb-buttons__outer-wrap uagb-btn__default-btn uagb-btn-tablet__default-btn uagb-btn-mobile__default-btn uagb-block-ff045a44\"><div class=\"uagb-buttons__wrap uagb-buttons-layout-wrap\">\n<div data-aos= \"zoom-out-left\" data-aos-duration=\"400\" data-aos-delay=\"0\" data-aos-easing=\"ease\" data-aos-once=\"true\" class=\"wp-block-uagb-buttons-child uagb-buttons__outer-wrap uagb-block-d5d87dd2 wp-block-button\"><div class=\"uagb-button__wrapper\"><a class=\"uagb-buttons-repeater wp-block-button__link\" aria-label=\"\" href=\"https:\/\/preprod2.kidsanim.ch\/nos-prochains-camps\/\" rel=\"follow noopener\" target=\"_self\" role=\"button\"><span class=\"uagb-button__icon uagb-button__icon-position-before\"><svg xmlns=\"https:\/\/www.w3.org\/2000\/svg\" viewbox=\"0 0 448 512\" aria-hidden=\"true\" focussable=\"false\"><path d=\"M438.6 278.6l-160 160C272.4 444.9 264.2 448 256 448s-16.38-3.125-22.62-9.375c-12.5-12.5-12.5-32.75 0-45.25L338.8 288H32C14.33 288 .0016 273.7 .0016 256S14.33 224 32 224h306.8l-105.4-105.4c-12.5-12.5-12.5-32.75 0-45.25s32.75-12.5 45.25 0l160 160C451.1 245.9 451.1 266.1 438.6 278.6z\"><\/path><\/svg><\/span><div class=\"uagb-button__link\">UPCOMING CAMPS<\/div><\/a><\/div><\/div>\n<\/div><\/div>\n\n\n\n<div class=\"wp-block-uagb-image uagb-block-620d8aab wp-block-uagb-image--layout-default wp-block-uagb-image--effect-zoomin wp-block-uagb-image--align-none\"><figure class=\"wp-block-uagb-image__figure\"><img decoding=\"async\" srcset=\"https:\/\/preprod2.kidsanim.ch\/wp-content\/uploads\/2026\/01\/kidsanim-15-2.jpg ,https:\/\/preprod2.kidsanim.ch\/wp-content\/uploads\/2026\/01\/kidsanim-15-2.jpg 780w, https:\/\/preprod2.kidsanim.ch\/wp-content\/uploads\/2026\/01\/kidsanim-15-2.jpg 360w\" sizes=\"auto, (max-width: 480px) 150px\" src=\"https:\/\/preprod2.kidsanim.ch\/wp-content\/uploads\/2026\/01\/kidsanim-15-2.jpg\" alt=\"\" class=\"uag-image-386\" width=\"2362\" height=\"1575\" title=\"kidsanim-15-2\" loading=\"lazy\" role=\"img\"\/><\/figure><\/div>\n<\/div><\/div>\n<\/div>\n<\/div>\n<\/div>\n\n\n\n<div class=\"wp-block-group alignfull is-style-section-3 has-global-padding is-content-justification-center is-layout-constrained wp-block-group-is-layout-constrained\" style=\"margin-top:0;margin-bottom:0;padding-top:var(--wp--preset--spacing--40);padding-bottom:var(--wp--preset--spacing--40)\">\n<div class=\"wp-block-columns alignwide is-layout-flex wp-container-core-columns-is-layout-08c01c1c wp-block-columns-is-layout-flex\">\n<div class=\"wp-block-column is-vertically-aligned-center is-layout-flow wp-block-column-is-layout-flow\">\n<h2 class=\"wp-block-heading has-text-align-center has-vivid-purple-color has-text-color has-link-color has-montserrat-font-family wp-elements-70cb727cbd390972de3449f08d9bfa0f\" style=\"font-style:normal;font-weight:400\">THE CHILDREN'S RETURNS<\/h2>\n\n\n\n<div data-aos= \"fade-up\" data-aos-duration=\"400\" data-aos-delay=\"0\" data-aos-easing=\"ease\" data-aos-once=\"true\" class=\"wp-block-uagb-container uagb-block-a8dee284 alignfull uagb-is-root-container\"><div class=\"uagb-container-inner-blocks-wrap\">\n<figure class=\"wp-block-image size-large has-custom-border\"><img loading=\"lazy\" decoding=\"async\" width=\"1440\" height=\"1652\" src=\"https:\/\/preprod2.kidsanim.ch\/wp-content\/uploads\/2026\/01\/img_4720-amq2p3xg5yhemnzn.jpeg?w=893\" alt=\"\" class=\"wp-image-423\" style=\"border-top-left-radius:10px;border-top-right-radius:10px;border-bottom-left-radius:10px;border-bottom-right-radius:10px;box-shadow:var(--wp--preset--shadow--natural)\" srcset=\"https:\/\/kidsanim.ch\/wp-content\/uploads\/2026\/01\/img_4720-amq2p3xg5yhemnzn.jpeg 1440w, https:\/\/kidsanim.ch\/wp-content\/uploads\/2026\/01\/img_4720-amq2p3xg5yhemnzn-262x300.jpeg 262w, https:\/\/kidsanim.ch\/wp-content\/uploads\/2026\/01\/img_4720-amq2p3xg5yhemnzn-893x1024.jpeg 893w, https:\/\/kidsanim.ch\/wp-content\/uploads\/2026\/01\/img_4720-amq2p3xg5yhemnzn-768x881.jpeg 768w, https:\/\/kidsanim.ch\/wp-content\/uploads\/2026\/01\/img_4720-amq2p3xg5yhemnzn-1339x1536.jpeg 1339w, https:\/\/kidsanim.ch\/wp-content\/uploads\/2026\/01\/img_4720-amq2p3xg5yhemnzn-10x12.jpeg 10w\" sizes=\"auto, (max-width: 1440px) 100vw, 1440px\" \/><\/figure>\n<\/div><\/div>\n<\/div>\n\n\n\n<div class=\"wp-block-column is-vertically-aligned-center is-layout-flow wp-block-column-is-layout-flow\">\n<div data-aos= \"fade-up\" data-aos-duration=\"400\" data-aos-delay=\"0\" data-aos-easing=\"ease\" data-aos-once=\"true\" class=\"wp-block-uagb-container uagb-block-1170d247 alignfull uagb-is-root-container\"><div class=\"uagb-container-inner-blocks-wrap\">\n<figure class=\"wp-block-image size-full has-custom-border\"><img loading=\"lazy\" decoding=\"async\" width=\"1440\" height=\"723\" src=\"https:\/\/preprod2.kidsanim.ch\/wp-content\/uploads\/2026\/01\/img_4725-ybgeywo94ktl9yg7.jpeg\" alt=\"\" class=\"wp-image-421\" style=\"border-top-left-radius:10px;border-top-right-radius:10px;border-bottom-left-radius:10px;border-bottom-right-radius:10px;box-shadow:var(--wp--preset--shadow--natural)\" title=\"title\" srcset=\"https:\/\/kidsanim.ch\/wp-content\/uploads\/2026\/01\/img_4725-ybgeywo94ktl9yg7.jpeg 1440w, https:\/\/kidsanim.ch\/wp-content\/uploads\/2026\/01\/img_4725-ybgeywo94ktl9yg7-300x151.jpeg 300w, https:\/\/kidsanim.ch\/wp-content\/uploads\/2026\/01\/img_4725-ybgeywo94ktl9yg7-1024x514.jpeg 1024w, https:\/\/kidsanim.ch\/wp-content\/uploads\/2026\/01\/img_4725-ybgeywo94ktl9yg7-768x386.jpeg 768w, https:\/\/kidsanim.ch\/wp-content\/uploads\/2026\/01\/img_4725-ybgeywo94ktl9yg7-18x9.jpeg 18w\" sizes=\"auto, (max-width: 1440px) 100vw, 1440px\" \/><\/figure>\n\n\n\n<figure class=\"wp-block-image size-full has-custom-border\"><img loading=\"lazy\" decoding=\"async\" width=\"1440\" height=\"723\" src=\"https:\/\/preprod2.kidsanim.ch\/wp-content\/uploads\/2026\/01\/img_4724-ybnbyld7v8ck5orr.jpeg\" alt=\"\" class=\"wp-image-422\" style=\"border-top-left-radius:10px;border-top-right-radius:10px;border-bottom-left-radius:10px;border-bottom-right-radius:10px;box-shadow:var(--wp--preset--shadow--natural)\" title=\"title\" srcset=\"https:\/\/kidsanim.ch\/wp-content\/uploads\/2026\/01\/img_4724-ybnbyld7v8ck5orr.jpeg 1440w, https:\/\/kidsanim.ch\/wp-content\/uploads\/2026\/01\/img_4724-ybnbyld7v8ck5orr-300x151.jpeg 300w, https:\/\/kidsanim.ch\/wp-content\/uploads\/2026\/01\/img_4724-ybnbyld7v8ck5orr-1024x514.jpeg 1024w, https:\/\/kidsanim.ch\/wp-content\/uploads\/2026\/01\/img_4724-ybnbyld7v8ck5orr-768x386.jpeg 768w, https:\/\/kidsanim.ch\/wp-content\/uploads\/2026\/01\/img_4724-ybnbyld7v8ck5orr-18x9.jpeg 18w\" sizes=\"auto, (max-width: 1440px) 100vw, 1440px\" \/><\/figure>\n\n\n\n<figure class=\"wp-block-image size-full has-custom-border\"><img loading=\"lazy\" decoding=\"async\" width=\"1440\" height=\"514\" src=\"https:\/\/preprod2.kidsanim.ch\/wp-content\/uploads\/2026\/01\/img_4721-yz9mxznvephmw34x.jpeg\" alt=\"\" class=\"wp-image-425\" style=\"border-top-left-radius:10px;border-top-right-radius:10px;border-bottom-left-radius:10px;border-bottom-right-radius:10px;box-shadow:var(--wp--preset--shadow--natural)\" title=\"title\" srcset=\"https:\/\/kidsanim.ch\/wp-content\/uploads\/2026\/01\/img_4721-yz9mxznvephmw34x.jpeg 1440w, https:\/\/kidsanim.ch\/wp-content\/uploads\/2026\/01\/img_4721-yz9mxznvephmw34x-300x107.jpeg 300w, https:\/\/kidsanim.ch\/wp-content\/uploads\/2026\/01\/img_4721-yz9mxznvephmw34x-1024x366.jpeg 1024w, https:\/\/kidsanim.ch\/wp-content\/uploads\/2026\/01\/img_4721-yz9mxznvephmw34x-768x274.jpeg 768w, https:\/\/kidsanim.ch\/wp-content\/uploads\/2026\/01\/img_4721-yz9mxznvephmw34x-18x6.jpeg 18w\" sizes=\"auto, (max-width: 1440px) 100vw, 1440px\" \/><\/figure>\n<\/div><\/div>\n<\/div>\n<\/div>\n<\/div>\n\n\n\n<div class=\"wp-block-group alignfull is-style-section-3 has-global-padding is-content-justification-center is-layout-constrained wp-block-group-is-layout-constrained\" style=\"margin-top:0;margin-bottom:0;padding-top:var(--wp--preset--spacing--40);padding-bottom:var(--wp--preset--spacing--40)\">\n<div data-aos= \"zoom-in\" data-aos-duration=\"400\" data-aos-delay=\"0\" data-aos-easing=\"ease\" data-aos-once=\"true\" class=\"wp-block-uagb-container uagb-block-35fa6f89 alignfull uagb-is-root-container\"><div class=\"uagb-container-inner-blocks-wrap\">\n<div class=\"wp-block-columns alignwide are-vertically-aligned-center is-layout-flex wp-container-core-columns-is-layout-08c01c1c wp-block-columns-is-layout-flex\">\n<div class=\"wp-block-column is-vertically-aligned-center has-global-padding is-content-justification-left is-layout-constrained wp-container-core-column-is-layout-8aae6cd0 wp-block-column-is-layout-constrained\">\n<figure class=\"wp-block-image size-large has-custom-border\"><img decoding=\"async\" src=\"https:\/\/preprod2.kidsanim.ch\/wp-content\/uploads\/2026\/01\/212.jpg?w=683\" alt=\"\" class=\"wp-image-374\" style=\"border-top-left-radius:10px;border-top-right-radius:10px;border-bottom-left-radius:10px;border-bottom-right-radius:10px;box-shadow:var(--wp--preset--shadow--natural)\"\/><\/figure>\n<\/div>\n\n\n\n<div class=\"wp-block-column is-vertically-aligned-center is-layout-flow wp-block-column-is-layout-flow\">\n<figure class=\"wp-block-image size-full has-custom-border\"><img decoding=\"async\" src=\"https:\/\/preprod2.kidsanim.ch\/wp-content\/uploads\/2026\/01\/kidsanim-130.jpg\" alt=\"\" class=\"wp-image-418\" style=\"border-top-left-radius:10px;border-top-right-radius:10px;border-bottom-left-radius:10px;border-bottom-right-radius:10px;box-shadow:var(--wp--preset--shadow--natural)\" title=\"title\"\/><\/figure>\n\n\n\n<figure class=\"wp-block-image size-full has-custom-border\"><img decoding=\"async\" src=\"https:\/\/preprod2.kidsanim.ch\/wp-content\/uploads\/2026\/01\/173-1.jpg\" alt=\"\" class=\"wp-image-378\" style=\"border-top-left-radius:10px;border-top-right-radius:10px;border-bottom-left-radius:10px;border-bottom-right-radius:10px;box-shadow:var(--wp--preset--shadow--natural)\" title=\"title\"\/><\/figure>\n<\/div>\n\n\n\n<div class=\"wp-block-column is-layout-flow wp-block-column-is-layout-flow\">\n<figure class=\"wp-block-image size-large has-custom-border\"><img loading=\"lazy\" decoding=\"async\" width=\"6000\" height=\"9000\" src=\"https:\/\/preprod2.kidsanim.ch\/wp-content\/uploads\/2026\/01\/9204-60.jpg?w=683\" alt=\"\" class=\"wp-image-376\" style=\"border-top-left-radius:10px;border-top-right-radius:10px;border-bottom-left-radius:10px;border-bottom-right-radius:10px;box-shadow:var(--wp--preset--shadow--natural)\" srcset=\"https:\/\/kidsanim.ch\/wp-content\/uploads\/2026\/01\/9204-60.jpg 6000w, https:\/\/kidsanim.ch\/wp-content\/uploads\/2026\/01\/9204-60-200x300.jpg 200w, https:\/\/kidsanim.ch\/wp-content\/uploads\/2026\/01\/9204-60-683x1024.jpg 683w, https:\/\/kidsanim.ch\/wp-content\/uploads\/2026\/01\/9204-60-768x1152.jpg 768w, https:\/\/kidsanim.ch\/wp-content\/uploads\/2026\/01\/9204-60-8x12.jpg 8w\" sizes=\"auto, (max-width: 6000px) 100vw, 6000px\" \/><\/figure>\n<\/div>\n<\/div>\n<\/div><\/div>\n<\/div>","protected":false},"excerpt":{"rendered":"<p>CAMPS DE VACANCES Chez Kid\u2019s Anim, les camps, c\u2019est un peu comme entrer dans un labo d\u2019id\u00e9es folles. On teste des recettes qui explosent un peu, on cr\u00e9e des \u0153uvres improbables, on bouge, on rit\u2026 et parfois on se lance dans des mini?missions secr\u00e8tes \u00e0 relever ensemble ! Les animateurs sont l\u00e0 pour encadrer tout [&hellip;]<\/p>\n","protected":false},"author":210797845,"featured_media":0,"parent":0,"menu_order":0,"comment_status":"closed","ping_status":"closed","template":"","meta":{"_uag_custom_page_level_css":"","footnotes":""},"class_list":["post-12","page","type-page","status-publish","hentry"],"uagb_featured_image_src":{"full":false,"thumbnail":false,"medium":false,"medium_large":false,"large":false,"1536x1536":false,"2048x2048":false,"trp-custom-language-flag":false},"uagb_author_info":{"display_name":"","author_link":"https:\/\/kidsanim.ch\/en\/author\/"},"uagb_comment_info":0,"uagb_excerpt":"CAMPS DE VACANCES Chez Kid\u2019s Anim, les camps, c\u2019est un peu comme entrer dans un labo d\u2019id\u00e9es folles. On teste des recettes qui explosent un peu, on cr\u00e9e des \u0153uvres improbables, on bouge, on rit\u2026 et parfois on se lance dans des mini?missions secr\u00e8tes \u00e0 relever ensemble ! Les animateurs sont l\u00e0 pour encadrer tout&hellip;","_links":{"self":[{"href":"https:\/\/kidsanim.ch\/en\/wp-json\/wp\/v2\/pages\/12","targetHints":{"allow":["GET"]}}],"collection":[{"href":"https:\/\/kidsanim.ch\/en\/wp-json\/wp\/v2\/pages"}],"about":[{"href":"https:\/\/kidsanim.ch\/en\/wp-json\/wp\/v2\/types\/page"}],"author":[{"embeddable":true,"href":"https:\/\/kidsanim.ch\/en\/wp-json\/wp\/v2\/users\/210797845"}],"replies":[{"embeddable":true,"href":"https:\/\/kidsanim.ch\/en\/wp-json\/wp\/v2\/comments?post=12"}],"version-history":[{"count":61,"href":"https:\/\/kidsanim.ch\/en\/wp-json\/wp\/v2\/pages\/12\/revisions"}],"predecessor-version":[{"id":1181,"href":"https:\/\/kidsanim.ch\/en\/wp-json\/wp\/v2\/pages\/12\/revisions\/1181"}],"wp:attachment":[{"href":"https:\/\/kidsanim.ch\/en\/wp-json\/wp\/v2\/media?parent=12"}],"curies":[{"name":"wp","href":"https:\/\/api.w.org\/{rel}","templated":true}]}}