{"id":10,"date":"2025-06-25T15:36:35","date_gmt":"2025-06-25T13:36:35","guid":{"rendered":"https:\/\/kidsanim.ch\/?page_id=10"},"modified":"2026-02-13T21:33:34","modified_gmt":"2026-02-13T21:33:34","slug":"a-propos","status":"publish","type":"page","link":"https:\/\/kidsanim.ch\/fr\/a-propos\/","title":{"rendered":"\u00c0 propos"},"content":{"rendered":"\n<div class=\"wp-block-group alignfull is-style-section-2 has-global-padding is-content-justification-center is-layout-constrained wp-block-group-is-layout-constrained\" style=\"margin-top:0;margin-bottom:0;padding-top:var(--wp--preset--spacing--40);padding-bottom:var(--wp--preset--spacing--40)\">\n<div class=\"wp-block-uagb-container uagb-block-71f72760 alignfull uagb-is-root-container\"><div class=\"uagb-container-inner-blocks-wrap\">\n<div class=\"wp-block-columns alignwide are-vertically-aligned-center is-layout-flex wp-container-core-columns-is-layout-30cd009e wp-block-columns-is-layout-flex\">\n<div class=\"wp-block-column is-vertically-aligned-center is-layout-flow wp-block-column-is-layout-flow\">\n<figure class=\"wp-block-image size-full has-custom-border\"><img loading=\"lazy\" decoding=\"async\" width=\"2362\" height=\"2362\" src=\"https:\/\/preprod2.kidsanim.ch\/wp-content\/uploads\/2026\/01\/2k5a8418-edited.jpg\" alt=\"\" class=\"wp-image-181\" style=\"border-top-left-radius:10px;border-top-right-radius:10px;border-bottom-left-radius:10px;border-bottom-right-radius:10px;box-shadow:var(--wp--preset--shadow--natural);aspect-ratio:3\/4;object-fit:cover\" srcset=\"https:\/\/kidsanim.ch\/wp-content\/uploads\/2026\/01\/2k5a8418-edited.jpg 2362w, https:\/\/kidsanim.ch\/wp-content\/uploads\/2026\/01\/2k5a8418-edited-300x300.jpg 300w, https:\/\/kidsanim.ch\/wp-content\/uploads\/2026\/01\/2k5a8418-edited-1024x1024.jpg 1024w, https:\/\/kidsanim.ch\/wp-content\/uploads\/2026\/01\/2k5a8418-edited-150x150.jpg 150w, https:\/\/kidsanim.ch\/wp-content\/uploads\/2026\/01\/2k5a8418-edited-768x768.jpg 768w, https:\/\/kidsanim.ch\/wp-content\/uploads\/2026\/01\/2k5a8418-edited-1536x1536.jpg 1536w, https:\/\/kidsanim.ch\/wp-content\/uploads\/2026\/01\/2k5a8418-edited-2048x2048.jpg 2048w, https:\/\/kidsanim.ch\/wp-content\/uploads\/2026\/01\/2k5a8418-edited-12x12.jpg 12w\" sizes=\"auto, (max-width: 2362px) 100vw, 2362px\" \/><\/figure>\n<\/div>\n\n\n\n<div class=\"wp-block-column is-vertically-aligned-center is-layout-flow wp-block-column-is-layout-flow\">\n<div data-aos= \"fade-right\" data-aos-duration=\"400\" data-aos-delay=\"0\" data-aos-easing=\"ease\" data-aos-once=\"true\" class=\"wp-block-uagb-container uagb-block-92f3c38e\">\n<h2 class=\"wp-block-heading alignwide has-vivid-cyan-blue-color has-text-color has-link-color has-montserrat-font-family wp-elements-479d61153fa6749429788e9108958153\" style=\"font-style:normal;font-weight:400;text-transform:uppercase\">Katia et Stan<\/h2>\n\n\n\n<p class=\"has-small-font-size\">Derri\u00e8re Kid\u2019s Anim, il y a&nbsp;Katia et Stan.<\/p>\n\n\n\n<p class=\"has-small-font-size\">Katia, animatrice de camps depuis (tr\u00e8s) longtemps, plus de 20 ans, dipl\u00f4m\u00e9e BPJEPS, avec un talent certain pour organiser, rassurer et g\u00e9rer l\u2019\u00e9nergie d\u00e9bordante des enfants.<\/p>\n\n\n\n<p class=\"has-small-font-size\">Stan, photographe professionnel et animateur, toujours pr\u00eat \u00e0 capturer les moments qui comptent\u2026 et \u00e0 inventer de nouvelles id\u00e9es.<\/p>\n\n\n\n<p class=\"has-small-font-size\">Ensemble, on m\u00e9lange animation, cr\u00e9ativit\u00e9 et regard artistique pour cr\u00e9er des camps vivants, humains et pleins de souvenirs. <\/p>\n\n\n\n<p class=\"has-small-font-size\">Nous travaillons avec plusieurs \u00e9coles en Suisse, qui aiment notre cadre s\u00e9rieux\u2026 et notre imagination qui d\u00e9borde juste ce qu\u2019il faut !<\/p>\n<\/div>\n<\/div>\n<\/div>\n<\/div><\/div>\n<\/div>\n\n\n\n<div class=\"wp-block-group alignfull is-style-section-2 has-background has-global-padding is-content-justification-center is-layout-constrained wp-block-group-is-layout-constrained\" style=\"background-color:#f78da7;margin-top:0;margin-bottom:0;padding-top:var(--wp--preset--spacing--40);padding-bottom:var(--wp--preset--spacing--40)\">\n<div class=\"wp-block-columns alignwide are-vertically-aligned-center is-layout-flex wp-container-core-columns-is-layout-30cd009e wp-block-columns-is-layout-flex\">\n<div class=\"wp-block-column is-vertically-aligned-center is-layout-flow wp-block-column-is-layout-flow\">\n<h2 class=\"wp-block-heading alignwide has-text-align-center has-base-color has-text-color has-link-color has-montserrat-font-family wp-elements-b85639ec0071d01fd666b23ed83e956e\" style=\"font-style:normal;font-weight:400;text-transform:uppercase\">Nos missions<\/h2>\n\n\n\n<p class=\"has-base-color has-text-color has-link-color has-small-font-size wp-elements-6f82e62a868108daf8b384d01cf60522\">Chez Kid\u2019s Anim, notre mission est simple :&nbsp;<strong>inventer des activit\u00e9s qui font rire, r\u00e9fl\u00e9chir et bouger les enfants<\/strong>.&nbsp;<\/p>\n\n\n\n<p class=\"has-base-color has-text-color has-link-color has-small-font-size wp-elements-8b7be2de0d2e5ac8fa465142520bfb30\">On planifie chaque mercredi et chaque camp de vacances selon l\u2019\u00e2ge et les envies des enfants, pour que chacun trouve sa place et s\u2019\u00e9clate.<\/p>\n\n\n\n<p class=\"has-base-color has-text-color has-link-color has-small-font-size wp-elements-ddb4f5f6c69602468733cf772e852bed\">On encourage la coop\u00e9ration, la cr\u00e9ativit\u00e9 et la tol\u00e9rance\u2026 bref, l\u2019esprit d\u2019\u00e9quipe, mais sans jamais oublier le fun.<\/p>\n\n\n\n<div class=\"wp-block-uagb-buttons uagb-buttons__outer-wrap uagb-btn__default-btn uagb-btn-tablet__default-btn uagb-btn-mobile__default-btn uagb-block-ff045a44\"><div class=\"uagb-buttons__wrap uagb-buttons-layout-wrap \">\n<div data-aos= \"zoom-out-left\" data-aos-duration=\"400\" data-aos-delay=\"0\" data-aos-easing=\"ease\" data-aos-once=\"true\" class=\"wp-block-uagb-buttons-child uagb-buttons__outer-wrap uagb-block-d5d87dd2 wp-block-button\"><div class=\"uagb-button__wrapper\"><a class=\"uagb-buttons-repeater wp-block-button__link\" aria-label=\"\" href=\"https:\/\/preprod2.kidsanim.ch\/nos-prochains-camps\/\" rel=\"follow noopener\" target=\"_self\" role=\"button\"><div class=\"uagb-button__link\">Bient\u00f4t en vacances !<\/div><\/a><\/div><\/div>\n\n\n\n<div data-aos= \"zoom-out-left\" data-aos-duration=\"400\" data-aos-delay=\"0\" data-aos-easing=\"ease\" data-aos-once=\"true\" class=\"wp-block-uagb-buttons-child uagb-buttons__outer-wrap uagb-block-0b90b381 wp-block-button\"><div class=\"uagb-button__wrapper\"><a class=\"uagb-buttons-repeater wp-block-button__link\" aria-label=\"\" href=\"https:\/\/preprod2.kidsanim.ch\/mercredi-apres-midi\/\" rel=\"follow noopener\" target=\"_self\" role=\"button\"><div class=\"uagb-button__link\">On se voit mercredi ?<\/div><\/a><\/div><\/div>\n<\/div><\/div>\n<\/div>\n\n\n\n<div class=\"wp-block-column is-vertically-aligned-center is-layout-flow wp-block-column-is-layout-flow\">\n<div data-aos= \"fade-left\" data-aos-duration=\"400\" data-aos-delay=\"0\" data-aos-easing=\"ease\" data-aos-once=\"true\" class=\"wp-block-uagb-container uagb-block-819a0b21 alignfull uagb-is-root-container\"><div class=\"uagb-container-inner-blocks-wrap\">\n<figure class=\"wp-block-image size-full has-custom-border\"><img loading=\"lazy\" decoding=\"async\" width=\"1008\" height=\"756\" src=\"https:\/\/preprod2.kidsanim.ch\/wp-content\/uploads\/2025\/11\/kidsanimsportgivree-89-dwxbgdog0gf4nrkq-edited.jpg\" alt=\"\" class=\"wp-image-82\" style=\"border-top-left-radius:10px;border-top-right-radius:10px;border-bottom-left-radius:10px;border-bottom-right-radius:10px;box-shadow:var(--wp--preset--shadow--natural);aspect-ratio:1;object-fit:cover\" srcset=\"https:\/\/kidsanim.ch\/wp-content\/uploads\/2025\/11\/kidsanimsportgivree-89-dwxbgdog0gf4nrkq-edited.jpg 1008w, https:\/\/kidsanim.ch\/wp-content\/uploads\/2025\/11\/kidsanimsportgivree-89-dwxbgdog0gf4nrkq-edited-300x225.jpg 300w, https:\/\/kidsanim.ch\/wp-content\/uploads\/2025\/11\/kidsanimsportgivree-89-dwxbgdog0gf4nrkq-edited-768x576.jpg 768w, https:\/\/kidsanim.ch\/wp-content\/uploads\/2025\/11\/kidsanimsportgivree-89-dwxbgdog0gf4nrkq-edited-16x12.jpg 16w\" sizes=\"auto, (max-width: 1008px) 100vw, 1008px\" \/><\/figure>\n<\/div><\/div>\n<\/div>\n<\/div>\n<\/div>\n\n\n\n<div class=\"wp-block-group alignfull is-style-section-2 has-background has-global-padding is-content-justification-center is-layout-constrained wp-block-group-is-layout-constrained\" style=\"background-color:#9b51e0b8;margin-top:0;margin-bottom:0;padding-top:var(--wp--preset--spacing--40);padding-bottom:var(--wp--preset--spacing--40)\">\n<div class=\"wp-block-columns alignwide is-layout-flex wp-container-core-columns-is-layout-30cd009e wp-block-columns-is-layout-flex\">\n<div class=\"wp-block-column is-vertically-aligned-bottom is-layout-flow wp-block-column-is-layout-flow\">\n<div data-aos= \"fade-right\" data-aos-duration=\"400\" data-aos-delay=\"0\" data-aos-easing=\"ease\" data-aos-once=\"true\" class=\"wp-block-uagb-container uagb-block-06ce013b alignfull uagb-is-root-container\"><div class=\"uagb-container-inner-blocks-wrap\">\n<figure class=\"wp-block-image size-full has-custom-border\"><img decoding=\"async\" src=\"https:\/\/preprod2.kidsanim.ch\/wp-content\/uploads\/2026\/01\/img_2495.jpg\" alt=\"\" class=\"wp-image-302\" style=\"border-top-left-radius:10px;border-top-right-radius:10px;border-bottom-left-radius:10px;border-bottom-right-radius:10px;box-shadow:var(--wp--preset--shadow--natural);aspect-ratio:4\/3;object-fit:cover\"\/><\/figure>\n<\/div><\/div>\n<\/div>\n\n\n\n<div class=\"wp-block-column is-vertically-aligned-center has-global-padding is-content-justification-left is-layout-constrained wp-container-core-column-is-layout-614074b5 wp-block-column-is-layout-constrained\">\n<h2 class=\"wp-block-heading has-base-color has-text-color has-link-color has-montserrat-font-family wp-elements-d13dea4ce0cf0bf877ba1f78191320d1\" style=\"font-style:normal;font-weight:400;text-transform:uppercase\">Nos engagements<\/h2>\n\n\n\n<p class=\"has-base-color has-text-color has-link-color has-small-font-size wp-elements-f6002e6bb4d1c537147a2543cdfcad23\">Chez Kid\u2019s Anim, on prend notre r\u00f4le tr\u00e8s au s\u00e9rieux\u2026 tout en s\u2019amusant&nbsp;<\/p>\n\n\n\n<p class=\"has-base-color has-text-color has-link-color has-small-font-size wp-elements-0ac47547b70bcd74b73a858840a6ee65\">On cr\u00e9e des activit\u00e9s inventives, capture les moments pr\u00e9cieux et fait en sorte que chaque enfant reparte avec des souvenirs qui font sourire encore longtemps.<\/p>\n\n\n\n<p class=\"has-base-color has-text-color has-link-color has-small-font-size wp-elements-09560cb65290375af59a20199847c683\">On renouvelle sans cesse nos id\u00e9es pour que chaque camp soit une nouvelle aventure, pleine de surprises et de rires partag\u00e9s.<\/p>\n<\/div>\n<\/div>\n<\/div>\n\n\n\n<div class=\"wp-block-group alignfull is-style-section-2 has-global-padding is-content-justification-center is-layout-constrained wp-block-group-is-layout-constrained\" style=\"margin-top:0;margin-bottom:0;padding-top:var(--wp--preset--spacing--40);padding-bottom:var(--wp--preset--spacing--40)\">\n<div class=\"wp-block-columns alignwide is-layout-flex wp-container-core-columns-is-layout-30cd009e wp-block-columns-is-layout-flex\">\n<div class=\"wp-block-column is-vertically-aligned-center has-global-padding is-content-justification-center is-layout-constrained wp-container-core-column-is-layout-18c31ee1 wp-block-column-is-layout-constrained\">\n<h2 class=\"wp-block-heading has-text-align-center has-vivid-cyan-blue-color has-text-color has-link-color has-montserrat-font-family wp-elements-0e107335c3e51c8473f2c69585c649c1\" style=\"font-style:normal;font-weight:400;text-transform:uppercase\">Nos D\u00e9placements<\/h2>\n\n\n\n<p class=\"has-text-align-center has-small-font-size\">Le point de rendez?vous reste le m\u00eame pour vous :<\/p>\n\n\n\n<details class=\"wp-block-details has-vivid-cyan-blue-color has-text-color has-link-color wp-elements-46bc68be9675e71deb380b60fc976bf3 is-layout-flow wp-block-details-is-layout-flow\"><summary><strong>\u00c9cole Harmonie, Chemin Camille-Vidart, Gen\u00e8ve.<\/strong> <\/summary>\n<div class=\"wp-block-jetpack-map is-style-default aligncenter\" data-map-style=\"default\" data-map-details=\"true\" data-points=\"[{&quot;placeTitle&quot;:&quot;Chemin Camille-Vidart, Gen\u00e8ve, Suisse&quot;,&quot;title&quot;:&quot;Chemin Camille-Vidart, Gen\u00e8ve, Suisse&quot;,&quot;caption&quot;:&quot;Chemin Camille-Vidart, Gen\u00e8ve, Suisse&quot;,&quot;coordinates&quot;:{&quot;longitude&quot;:6.137078717094857,&quot;latitude&quot;:46.21982750384173},&quot;id&quot;:&quot;Chemin Camille-Vidart, Gen\u00e8ve, Suisse 46.22 6.14&quot;}]\" data-zoom=\"13\" data-map-center=\"{&quot;lat&quot;:46.21980047908463,&quot;lng&quot;:6.137078717094852}\" data-marker-color=\"#0693e3\" data-map-height=\"400\" data-show-fullscreen-button=\"true\"><ul><li><a href=\"https:\/\/www.google.com\/maps\/search\/?api=1&amp;query=46.21982750384173,6.137078717094857\">Chemin Camille-Vidart, Gen\u00e8ve, Suisse<\/a><\/li><\/ul><\/div>\n<\/details>\n\n\n\n<p class=\"has-text-align-center has-small-font-size\">Pour rejoindre nos activit\u00e9s, on s&rsquo;occupe de tout ! <\/p>\n<\/div>\n\n\n\n<div class=\"wp-block-column is-vertically-aligned-bottom is-layout-flow wp-block-column-is-layout-flow\">\n<div class=\"wp-block-uagb-image uagb-block-71048622 wp-block-uagb-image--layout-default wp-block-uagb-image--effect-zoomin wp-block-uagb-image--align-none\"><figure class=\"wp-block-uagb-image__figure\"><img decoding=\"async\" srcset=\"https:\/\/preprod2.kidsanim.ch\/wp-content\/uploads\/2026\/01\/2k5a8423.jpg ,https:\/\/preprod2.kidsanim.ch\/wp-content\/uploads\/2026\/01\/2k5a8423.jpg 780w, https:\/\/preprod2.kidsanim.ch\/wp-content\/uploads\/2026\/01\/2k5a8423.jpg 360w\" sizes=\"auto, (max-width: 480px) 150px\" src=\"https:\/\/preprod2.kidsanim.ch\/wp-content\/uploads\/2026\/01\/2k5a8423.jpg\" alt=\"\" class=\"uag-image-167\" width=\"6000\" height=\"4000\" title=\"2K5A8423\" loading=\"lazy\" role=\"img\"\/><\/figure><\/div>\n<\/div>\n<\/div>\n<\/div>\n\n\n\n<div class=\"wp-block-group alignfull is-style-section-2 has-global-padding is-content-justification-center is-layout-constrained wp-block-group-is-layout-constrained\" style=\"margin-top:0;margin-bottom:0;padding-top:var(--wp--preset--spacing--40);padding-bottom:var(--wp--preset--spacing--40)\">\n<div class=\"wp-block-columns alignwide is-layout-flex wp-container-core-columns-is-layout-30cd009e wp-block-columns-is-layout-flex\">\n<div class=\"wp-block-column is-vertically-aligned-bottom is-layout-flow wp-block-column-is-layout-flow\">\n<figure class=\"wp-block-image size-full has-custom-border\"><img loading=\"lazy\" decoding=\"async\" width=\"1008\" height=\"1512\" src=\"https:\/\/preprod2.kidsanim.ch\/wp-content\/uploads\/2025\/06\/kidsanimcampete2024-158-agb47wekgaskjxoe.jpg\" alt=\"\" class=\"wp-image-72\" style=\"border-top-left-radius:10px;border-top-right-radius:10px;border-bottom-left-radius:10px;border-bottom-right-radius:10px;box-shadow:var(--wp--preset--shadow--natural);aspect-ratio:1;object-fit:cover\" srcset=\"https:\/\/kidsanim.ch\/wp-content\/uploads\/2025\/06\/kidsanimcampete2024-158-agb47wekgaskjxoe.jpg 1008w, https:\/\/kidsanim.ch\/wp-content\/uploads\/2025\/06\/kidsanimcampete2024-158-agb47wekgaskjxoe-200x300.jpg 200w, https:\/\/kidsanim.ch\/wp-content\/uploads\/2025\/06\/kidsanimcampete2024-158-agb47wekgaskjxoe-683x1024.jpg 683w, https:\/\/kidsanim.ch\/wp-content\/uploads\/2025\/06\/kidsanimcampete2024-158-agb47wekgaskjxoe-768x1152.jpg 768w, https:\/\/kidsanim.ch\/wp-content\/uploads\/2025\/06\/kidsanimcampete2024-158-agb47wekgaskjxoe-8x12.jpg 8w\" sizes=\"auto, (max-width: 1008px) 100vw, 1008px\" \/><\/figure>\n<\/div>\n\n\n\n<div class=\"wp-block-column is-vertically-aligned-center is-layout-flow wp-block-column-is-layout-flow\">\n<div data-aos= \"slide-left\" data-aos-duration=\"400\" data-aos-delay=\"0\" data-aos-easing=\"ease\" data-aos-once=\"true\" class=\"wp-block-uagb-container uagb-block-805a20e1 alignfull uagb-is-root-container\"><div class=\"uagb-container-inner-blocks-wrap\">\n<div class=\"wp-block-group has-border-color has-base-color has-text-color has-link-color wp-elements-f30e0d8df2657050253d82b27eb541a8 is-vertical is-content-justification-center is-layout-flex wp-container-core-group-is-layout-968aa05d wp-block-group-is-layout-flex\" style=\"border-color:#f78da7;border-width:2px;border-top-left-radius:10px;border-top-right-radius:10px;border-bottom-left-radius:10px;border-bottom-right-radius:10px;padding-top:var(--wp--preset--spacing--50);padding-right:var(--wp--preset--spacing--50);padding-bottom:var(--wp--preset--spacing--50);padding-left:var(--wp--preset--spacing--50);box-shadow:6px 6px 9px rgba(0, 0, 0, 0.2)\">\n<h2 class=\"wp-block-heading has-text-align-center has-text-color has-link-color has-large-font-size wp-elements-67b4357e53f835618dce389674f81bce\" style=\"color:#f78da7\">L&rsquo;encadrement et la s\u00e9curit\u00e9 de vos enfants<\/h2>\n\n\n\n<p class=\"has-text-align-center has-custom-color-1-color has-text-color has-link-color has-small-font-size wp-elements-1e4a983e2936b2c749bd835367a416c8\">Chez Kid\u2019s Anim, la s\u00e9curit\u00e9 et le bien-\u00eatre des enfants passent avant tout\u2026 mais \u00e7a ne nous emp\u00eache pas de rigoler&nbsp;<\/p>\n\n\n\n<p class=\"has-text-align-center has-custom-color-1-color has-text-color has-link-color has-small-font-size wp-elements-f13f7a551f8aa0c9c02bb9f15a7b6772\">On veille \u00e0 ce que les espaces de jeu et le mat\u00e9riel soient toujours propres et pr\u00eats \u00e0 l\u2019emploi.<\/p>\n\n\n\n<p class=\"has-text-align-center has-custom-color-1-color has-text-color has-link-color has-small-font-size wp-elements-a8126c77ebca768d7a51803449cba843\">Nos animateurs travaillent main dans la main pour que chaque activit\u00e9 se d\u00e9roule en toute s\u00e9curit\u00e9, avec enthousiasme et r\u00e9ussite.<\/p>\n<\/div>\n<\/div><\/div>\n<\/div>\n<\/div>\n<\/div>\n\n\n\n<div class=\"wp-block-group alignfull is-style-section-2 has-global-padding is-content-justification-center is-layout-constrained wp-block-group-is-layout-constrained\" style=\"margin-top:0;margin-bottom:0;padding-top:var(--wp--preset--spacing--40);padding-bottom:var(--wp--preset--spacing--40)\">\n<div class=\"wp-block-columns alignwide is-layout-flex wp-container-core-columns-is-layout-30cd009e wp-block-columns-is-layout-flex\">\n<div class=\"wp-block-column is-vertically-aligned-center is-layout-flow wp-block-column-is-layout-flow\">\n<div data-aos= \"slide-right\" data-aos-duration=\"400\" data-aos-delay=\"0\" data-aos-easing=\"ease\" data-aos-once=\"true\" class=\"wp-block-uagb-container uagb-block-63ceae2e alignfull uagb-is-root-container\"><div class=\"uagb-container-inner-blocks-wrap\">\n<div class=\"wp-block-group has-border-color has-base-color has-text-color has-link-color wp-elements-80294c058bf3b81346060760ab3c27fc is-vertical is-content-justification-center is-layout-flex wp-container-core-group-is-layout-968aa05d wp-block-group-is-layout-flex\" style=\"border-color:#9b51e0;border-width:2px;border-top-left-radius:10px;border-top-right-radius:10px;border-bottom-left-radius:10px;border-bottom-right-radius:10px;padding-top:var(--wp--preset--spacing--50);padding-right:var(--wp--preset--spacing--50);padding-bottom:var(--wp--preset--spacing--50);padding-left:var(--wp--preset--spacing--50);box-shadow:6px 6px 9px rgba(0, 0, 0, 0.2)\">\n<h2 class=\"wp-block-heading has-text-align-center has-text-color has-link-color has-large-font-size wp-elements-824d3e8065323959a4751f6f2578dd48\" style=\"color:#9b51e0\">P\u00e9dagogie active<\/h2>\n\n\n\n<p class=\"has-text-align-center has-custom-color-1-color has-text-color has-link-color has-small-font-size wp-elements-2bf8496042bae8e3d210b7ce345dc658\">Chez Kid\u2019s Anim, on a une r\u00e8gle simple : apprendre, oui\u2026 mais en s\u2019amusant !&nbsp;<\/p>\n\n\n\n<p class=\"has-text-align-center has-custom-color-1-color has-text-color has-link-color has-small-font-size wp-elements-28259d3ee243362fcfdf6c260a6f4e80\">On est l\u00e0 pour \u00e9couter, guider, rassurer\u2026 et parfois s\u00e9cher une petite larme ou transformer un \u201cj&rsquo;y arrive pas !\u201d en \u201cwaouh, j\u2019ai r\u00e9ussi !\u201d&nbsp;<\/p>\n<\/div>\n<\/div><\/div>\n<\/div>\n\n\n\n<div class=\"wp-block-column is-vertically-aligned-center is-layout-flow wp-block-column-is-layout-flow\">\n<div class=\"wp-block-uagb-image uagb-block-98137736 wp-block-uagb-image--layout-default wp-block-uagb-image--effect-zoomin wp-block-uagb-image--align-none\"><figure class=\"wp-block-uagb-image__figure\"><img decoding=\"async\" srcset=\"https:\/\/preprod2.kidsanim.ch\/wp-content\/uploads\/2026\/01\/kidsanim-113.jpg ,https:\/\/preprod2.kidsanim.ch\/wp-content\/uploads\/2026\/01\/kidsanim-113.jpg 780w, https:\/\/preprod2.kidsanim.ch\/wp-content\/uploads\/2026\/01\/kidsanim-113.jpg 360w\" sizes=\"auto, (max-width: 480px) 150px\" src=\"https:\/\/preprod2.kidsanim.ch\/wp-content\/uploads\/2026\/01\/kidsanim-113.jpg\" alt=\"\" class=\"uag-image-356\" width=\"6000\" height=\"4000\" title=\"kidsanim-113\" loading=\"lazy\" role=\"img\"\/><\/figure><\/div>\n<\/div>\n<\/div>\n<\/div>\n\n\n\n<div class=\"wp-block-group alignfull is-style-section-3 has-base-background-color has-background has-global-padding is-content-justification-center is-layout-constrained wp-block-group-is-layout-constrained\" style=\"margin-top:0;margin-bottom:0;padding-top:var(--wp--preset--spacing--40);padding-bottom:var(--wp--preset--spacing--40)\">\n<div class=\"wp-block-columns alignwide are-vertically-aligned-center is-layout-flex wp-container-core-columns-is-layout-f7cb5f4d wp-block-columns-is-layout-flex\">\n<div class=\"wp-block-column is-vertically-aligned-center is-layout-flow wp-container-core-column-is-layout-8a368f38 wp-block-column-is-layout-flow\" style=\"flex-basis:25%\">\n<figure class=\"wp-block-image size-full has-custom-border wp-duotone-unset-1\"><img decoding=\"async\" src=\"https:\/\/preprod2.kidsanim.ch\/wp-content\/uploads\/2026\/01\/74.jpg\" alt=\"\" class=\"wp-image-306\" style=\"border-top-left-radius:10px;border-top-right-radius:10px;border-bottom-left-radius:10px;border-bottom-right-radius:10px;aspect-ratio:3\/4;object-fit:cover\"\/><\/figure>\n<\/div>\n\n\n\n<div class=\"wp-block-column is-vertically-aligned-center is-layout-flow wp-block-column-is-layout-flow\" style=\"padding-right:var(--wp--preset--spacing--40);padding-left:var(--wp--preset--spacing--40)\">\n<p class=\"has-text-align-center has-small-font-size\">En gros : des id\u00e9es qui d\u00e9bordent, des rires qui fusent, et des enfants qui s\u2019\u00e9panouissent sans m\u00eame s\u2019en rendre compte.<\/p>\n\n\n\n<div data-aos= \"fade-down\" data-aos-duration=\"400\" data-aos-delay=\"0\" data-aos-easing=\"ease\" data-aos-once=\"true\" class=\"wp-block-uagb-buttons uagb-buttons__outer-wrap uagb-btn__default-btn uagb-btn-tablet__default-btn uagb-btn-mobile__default-btn uagb-block-5a4740c8\"><div class=\"uagb-buttons__wrap uagb-buttons-layout-wrap \">\n<div data-aos= \"zoom-out-left\" data-aos-duration=\"400\" data-aos-delay=\"0\" data-aos-easing=\"ease\" data-aos-once=\"true\" class=\"wp-block-uagb-buttons-child uagb-buttons__outer-wrap uagb-block-b7c9a4bc wp-block-button\"><div class=\"uagb-button__wrapper\"><a class=\"uagb-buttons-repeater wp-block-button__link\" aria-label=\"\" href=\"https:\/\/preprod2.kidsanim.ch\/nos-prochains-camps\/\" rel=\"follow noopener\" target=\"_self\" role=\"button\"><div class=\"uagb-button__link\">Inscrivez vos enfants<\/div><\/a><\/div><\/div>\n<\/div><\/div>\n<\/div>\n\n\n\n<div class=\"wp-block-column is-vertically-aligned-center is-layout-flow wp-container-core-column-is-layout-8a368f38 wp-block-column-is-layout-flow\" style=\"flex-basis:25%\">\n<figure class=\"wp-block-image size-full has-custom-border wp-duotone-unset-2\"><img decoding=\"async\" src=\"https:\/\/preprod2.kidsanim.ch\/wp-content\/uploads\/2026\/01\/283.jpg\" alt=\"\" class=\"wp-image-305\" style=\"border-top-left-radius:10px;border-top-right-radius:10px;border-bottom-left-radius:10px;border-bottom-right-radius:10px;aspect-ratio:3\/4;object-fit:cover\"\/><\/figure>\n<\/div>\n<\/div>\n<\/div>\n","protected":false},"excerpt":{"rendered":"<p>Katia et Stan Derri\u00e8re Kid\u2019s Anim, il y a&nbsp;Katia et Stan. Katia, animatrice de camps depuis (tr\u00e8s) longtemps, plus de 20 ans, dipl\u00f4m\u00e9e BPJEPS, avec un talent certain pour organiser, rassurer et g\u00e9rer l\u2019\u00e9nergie d\u00e9bordante des enfants. Stan, photographe professionnel et animateur, toujours pr\u00eat \u00e0 capturer les moments qui comptent\u2026 et \u00e0 inventer de nouvelles [&hellip;]<\/p>\n","protected":false},"author":210797845,"featured_media":0,"parent":0,"menu_order":0,"comment_status":"closed","ping_status":"closed","template":"","meta":{"_uag_custom_page_level_css":"","footnotes":""},"class_list":["post-10","page","type-page","status-publish","hentry"],"uagb_featured_image_src":{"full":false,"thumbnail":false,"medium":false,"medium_large":false,"large":false,"1536x1536":false,"2048x2048":false,"trp-custom-language-flag":false},"uagb_author_info":{"display_name":"","author_link":"https:\/\/kidsanim.ch\/fr\/author\/"},"uagb_comment_info":0,"uagb_excerpt":"Katia et Stan Derri\u00e8re Kid\u2019s Anim, il y a&nbsp;Katia et Stan. Katia, animatrice de camps depuis (tr\u00e8s) longtemps, plus de 20 ans, dipl\u00f4m\u00e9e BPJEPS, avec un talent certain pour organiser, rassurer et g\u00e9rer l\u2019\u00e9nergie d\u00e9bordante des enfants. Stan, photographe professionnel et animateur, toujours pr\u00eat \u00e0 capturer les moments qui comptent\u2026 et \u00e0 inventer de nouvelles\u2026","_links":{"self":[{"href":"https:\/\/kidsanim.ch\/fr\/wp-json\/wp\/v2\/pages\/10","targetHints":{"allow":["GET"]}}],"collection":[{"href":"https:\/\/kidsanim.ch\/fr\/wp-json\/wp\/v2\/pages"}],"about":[{"href":"https:\/\/kidsanim.ch\/fr\/wp-json\/wp\/v2\/types\/page"}],"author":[{"embeddable":true,"href":"https:\/\/kidsanim.ch\/fr\/wp-json\/wp\/v2\/users\/210797845"}],"replies":[{"embeddable":true,"href":"https:\/\/kidsanim.ch\/fr\/wp-json\/wp\/v2\/comments?post=10"}],"version-history":[{"count":52,"href":"https:\/\/kidsanim.ch\/fr\/wp-json\/wp\/v2\/pages\/10\/revisions"}],"predecessor-version":[{"id":1180,"href":"https:\/\/kidsanim.ch\/fr\/wp-json\/wp\/v2\/pages\/10\/revisions\/1180"}],"wp:attachment":[{"href":"https:\/\/kidsanim.ch\/fr\/wp-json\/wp\/v2\/media?parent=10"}],"curies":[{"name":"wp","href":"https:\/\/api.w.org\/{rel}","templated":true}]}}